{"id":600,"date":"2015-03-12T17:59:30","date_gmt":"2015-03-12T16:59:30","guid":{"rendered":"http:\/\/dietistaottonello.it\/dietistaottonello\/?page_id=600"},"modified":"2020-02-11T11:31:34","modified_gmt":"2020-02-11T10:31:34","slug":"salse-light","status":"publish","type":"page","link":"https:\/\/dietistaottonello.it\/dietistaottonello\/ricette\/salse-light\/","title":{"rendered":"SALSE LIGHT"},"content":{"rendered":"<p>Chi ha detto che se si inizia una dieta \u00e8 necessario cucinare tutto scondito, insapore, inodore, incolore? Mangiare, si sa, \u00e8 un piacere e questo piacere deve essere mantenuto anche se vogliamo rimetterci in forma.<br \/>\nE allora come si pu\u00f2 fare? Provate a insaporire i vostri piatti con una di queste salse light si, ma con gusto!<\/p>\n<p><strong><span style=\"color: #ff0000;\">AGGIORNAMENTO 11\/02\/2020<\/span><\/strong><\/p>\n<h2><span style=\"color: #993366;\"><strong>Maionese cotta<\/strong><\/span><\/h2>\n<p>La ricetta di oggi non pu\u00f2 essere propriamente definita &#8220;light&#8221; in quanto contiene tutti gli elementi della ricetta originale, per\u00f2 pu\u00f2 essere utile nei casi in cui non sia possibile consumare uova crude, ad esempio in gravidanza, o la si voglia somministrare ad esempio ai bambini e\/o per limitare il rischio di contrarre la salmonella.<\/p>\n<p><img loading=\"lazy\" decoding=\"async\" class=\"aligncenter wp-image-1043 \" src=\"https:\/\/dietistaottonello.it\/dietistaottonello\/wp-content\/uploads\/2015\/03\/uova-cartone2.png-300x187.jpg\" alt=\"uova cartone2.png\" width=\"223\" height=\"139\" srcset=\"https:\/\/dietistaottonello.it\/dietistaottonello\/wp-content\/uploads\/2015\/03\/uova-cartone2.png-300x187.jpg 300w, https:\/\/dietistaottonello.it\/dietistaottonello\/wp-content\/uploads\/2015\/03\/uova-cartone2.png-768x478.jpg 768w, https:\/\/dietistaottonello.it\/dietistaottonello\/wp-content\/uploads\/2015\/03\/uova-cartone2.png.jpg 900w\" sizes=\"auto, (max-width: 223px) 100vw, 223px\" \/><\/p>\n<p>Ricordo che il guscio dell&#8217;uovo \u00e8 naturalmente contaminato da spore di salmonella che possono passare dal guscio all&#8217;interno dell&#8217;uovo durante la manipolazione.<br \/>\nPertanto \u00e8 fondamentale lavarsi le mani dopo aver rotto le uova.<br \/>\nNON lavare l&#8217;uovo prima di manipolarlo perch\u00e9 il guscio \u00e8 estremamente poroso e, oltre a non eliminare le spore, questa pratica favorirebbe la diffusione dei batteri.<\/p>\n<p>La maionese cotta pu\u00f2 essere preparata in 2 modi: con il frullatore a immersione (minipimer) oppure con il Bimby. Vediamo insieme gli ingredienti e i due procedimenti.<\/p>\n<p><span style=\"color: #ff0000;\"><strong>Ingredienti<\/strong> <\/span>(maionese con il frullatore a immersione):<\/p>\n<ul>\n<li>n. 2 uova sode;<\/li>\n<li>n. 2 cucchiaini di aceto di mele;<\/li>\n<li>200 ml di olio di semi di mais (o di girasole);<\/li>\n<li>sale q.b.<\/li>\n<\/ul>\n<p><strong><span style=\"color: #ff0000;\">Procedimento:<\/span><\/strong><\/p>\n<p><img loading=\"lazy\" decoding=\"async\" class=\"alignleft wp-image-1046 size-thumbnail\" src=\"https:\/\/dietistaottonello.it\/dietistaottonello\/wp-content\/uploads\/2015\/03\/uovasode-150x150.jpg\" width=\"150\" height=\"150\" srcset=\"https:\/\/dietistaottonello.it\/dietistaottonello\/wp-content\/uploads\/2015\/03\/uovasode-150x150.jpg 150w, https:\/\/dietistaottonello.it\/dietistaottonello\/wp-content\/uploads\/2015\/03\/uovasode-300x300.jpg 300w, https:\/\/dietistaottonello.it\/dietistaottonello\/wp-content\/uploads\/2015\/03\/uovasode.jpg 512w\" sizes=\"auto, (max-width: 150px) 100vw, 150px\" \/>Per prima cosa cuocete le uova. Immergetele a<strong> temperatura ambiente<\/strong> in un pentolino pieno d\u2019acqua e portatelo a ebollizione. Una volta raggiunta la temperatura, abbassate la fiamma e fate <strong>sobbollire per 10 minuti<\/strong>. Trascorso questo tempo, scolate le uova e passatele immediatamente sotto l\u2019acqua fredda per interrompere la cottura ed evitare il rischio di cuocere troppo i tuorli.<\/p>\n<p>Una volta fredde, <strong>sgusciate le uova<\/strong>, tagliatele a met\u00e0 per il lungo e prelevate il tuorlo con un cucchiaino.<\/p>\n<p><strong>Frullate<\/strong> i tuorli\u00a0(per un risultato pi\u00f9 denso potete frullare anche gli albumi) nel boccale del frullatore a immersione con un pizzico di sale, due cucchiaini di aceto e l\u2019olio di semi.<br \/>\nPer un risultato garantito occorre muovere con movimenti molto lenti il minipimer in funzione dal basso verso l&#8217;alto e viceversa.<br \/>\nCon un po&#8217; di pazienza otterrete una salsa cremosa e densa.<br \/>\nConservate la maionese con uova sode in frigo fino al momento di usarla o servirla in tavola.<\/p>\n<p>Con questa ricetta, a piacere, \u00e8 possibile preparare anche una gustosa <strong>salsa tonnata<\/strong>: baster\u00e0 aggiungere nel boccale, prima di iniziare a frullare n. 2 scatolette di tonno (preferibilmente al naturale) sgocciolate e n.1 cucchiaino di capperi sott&#8217;aceto.<\/p>\n<p><span style=\"color: #ff0000;\"><strong>Ingredienti<\/strong> <\/span>(maionese cotta con il Bimby):<\/p>\n<ul>\n<li>n. 2 uova intere;<\/li>\n<li>25 grammi di aceto di mele;<\/li>\n<li>300 ml di olio di semi di mais (o di girasole);<\/li>\n<li>sale q.b.<\/li>\n<\/ul>\n<p><span style=\"color: #ff0000;\"><b>Pr<\/b><b>ocedimento:<\/b><\/span><\/p>\n<p><img loading=\"lazy\" decoding=\"async\" class=\"size-thumbnail wp-image-1047 alignright\" src=\"https:\/\/dietistaottonello.it\/dietistaottonello\/wp-content\/uploads\/2015\/03\/uovorotto-150x150.jpg\" alt=\"uovorotto\" width=\"150\" height=\"150\" srcset=\"https:\/\/dietistaottonello.it\/dietistaottonello\/wp-content\/uploads\/2015\/03\/uovorotto-150x150.jpg 150w, https:\/\/dietistaottonello.it\/dietistaottonello\/wp-content\/uploads\/2015\/03\/uovorotto.jpg 225w\" sizes=\"auto, (max-width: 150px) 100vw, 150px\" \/>Mettere nel boccale aceto e sale. Cuocere <b>3 minuti \/ 100\u00b0C \/ velocit\u00e0 3.<br \/>\n<\/b><b><br \/>\n<\/b> Impostare <strong>velocit\u00e0 6<\/strong> e versare dal foro le uova, una alla volta, poi posizionare il misurino e versare l&#8217;olio a filo. Continuare a frullare finch\u00e9 tutto l&#8217;olio non sar\u00e0 stato assorbito.<\/p>\n<p>Versare la maionese cosi preparata in una terrina e coprirla con la pellicola trasparente.<br \/>\nLa pellicola dovr\u00e0 aderire alla maionese, in questo modo non si creer\u00e0 una fastidiosa crosticina.<br \/>\nPorre la terrina in frigo fino a completo raffreddamento e poi utilizzarla nelle vostre ricette.<br \/>\nSe non la si utilizza nel giro di qualche ora, sistemare la maionese in barattoli di vetro ermetici. In questo modo si conserver\u00e0 fino a 2 settimane.<\/p>\n<p><img loading=\"lazy\" decoding=\"async\" class=\"aligncenter wp-image-1048\" src=\"https:\/\/dietistaottonello.it\/dietistaottonello\/wp-content\/uploads\/2015\/03\/mayo-300x188.jpg\" alt=\"mayo\" width=\"200\" height=\"125\" \/><\/p>\n<p>Infine la ricetta di una maionese, che non \u00e8 una maionese, ma pu\u00f2 essere utilizzata come <strong>alternativa &#8220;light&#8221;<\/strong> ad essa.<\/p>\n<h2><strong><span style=\"font-size: medium;\"><span style=\"color: #993366;\">Salsa allo yogurt (per insalate, carni, pesci)<\/span><\/span><\/strong><\/h2>\n<p><span style=\"font-size: medium;\"><strong><span style=\"color: #ff0000;\">Ingredienti:<\/span><\/strong><\/span><\/p>\n<ul>\n<li><span style=\"font-size: medium;\">125 grammi (1 vasetto) di Yogurt magro al naturale oppure 100 grammi (1\/2 vasetto) di yogurt greco bianco 0% grassi;<\/span><\/li>\n<li>S<span style=\"font-size: medium;\">ucco di mezzo limone;<\/span><\/li>\n<li><span style=\"font-size: medium;\">Erbette fresche a piacere (ad es.: erba cipollina, prezzemolo, aneto, finocchietto, menta, ecc.)<\/span><\/li>\n<li><span style=\"font-size: medium;\">n. 1 pizzico di sale<\/span><\/li>\n<li><span style=\"font-size: medium;\">n. 1 cucchiaio di pepe rosa in grani (facoltativo)<\/span><\/li>\n<\/ul>\n<p><span style=\"font-size: medium;\"><strong><span style=\"color: #ff0000;\">Preparazione:<\/span><\/strong><br \/>\n<\/span><\/p>\n<p><span style=\"font-size: medium;\"><img loading=\"lazy\" decoding=\"async\" class=\"alignleft wp-image-1053 \" src=\"https:\/\/dietistaottonello.it\/dietistaottonello\/wp-content\/uploads\/2015\/03\/yogurt-150x150.jpg\" alt=\"yogurt\" width=\"135\" height=\"135\" \/>Sminuzzare finemente le erbette fresche.<br \/>\nIn una ciotola versare lo yogurt magro, aggiungere il pepe in grani (il pepe serve per dare sapore alla salsa, se non gradito o non tollerato, al momento di consumare la salsa i grani possono essere eliminati oppure pu\u00f2 essere omesso), le erbette sminuzzate, un pizzico di sale e il succo di limone.<\/span><\/p>\n<p><span style=\"font-size: medium;\">Mescolare e lasciar riposare in frigorifero per ca. 30 minuti cosi da far addensare la salsa e far si che si insaporisca.<br \/>\n<\/span><span style=\"font-size: medium;\">Utilizzare per le proprie ricette.<\/span><\/p>\n<hr \/>\n<p>Parliamo della besciamella&#8230; croce e delizia di tutte le diete&#8230; la ricetta tradizionale la trovate a questo link:<a title=\"PER I BAMBINI\" href=\"https:\/\/dietistaottonello.it\/dietistaottonello\/ricette\/per-i-bambini\/\"> https:\/\/dietistaottonello.it\/dietistaottonello\/ricette\/per-i-bambini\/<\/a><\/p>\n<p>In questa pagina trovare LE versioni (perch\u00e9 ne esiste pi\u00f9 di una) a prova di dieta!<a href=\"https:\/\/dietistaottonello.it\/dietistaottonello\/wp-content\/uploads\/2015\/03\/pentola2.png\"><img loading=\"lazy\" decoding=\"async\" class=\"aligncenter size-full wp-image-620\" src=\"https:\/\/dietistaottonello.it\/dietistaottonello\/wp-content\/uploads\/2015\/03\/pentola2.png\" alt=\"pentola2\" width=\"190\" height=\"175\" \/><\/a><\/p>\n<h2><\/h2>\n<h2><strong><span style=\"color: #993366;\">n.1 &#8211; Besciamella senza burro <\/span><\/strong><\/h2>\n<p><strong><span style=\"color: #ff0000;\">Preparazione per 1 persona:<\/span><\/strong><\/p>\n<p>Fuori dal fuoco mettere <strong>25 grammi<\/strong> di <b>farina setacciata con un colino<\/b>\u00a0in un pentolino antiaderente e unire a filo, mescolando accuratamente con una frusta, <strong>100 ml<\/strong> di <b>latte parzialmente scremato.<\/b><\/p>\n<p>Far intiepidire (va bene anche nel microonde) altri <strong>150 ml di latte<\/strong> e unirlo poco alla volta alla pastella preparata, sempre mescolando con la frusta. Mettere sul fuoco e, mescolando \u00a0di continuo, far cuocere la salsa a fiamma medio-bassa fino a che non avr\u00e0 assunto una consistenza vellutata<b>.<br \/>\n<\/b>Spegnere il fuoco, insaporire la besciamella con\u00a0 un pizzico di <b>sale<\/b> e <b>pepe<\/b> e <b>noce moscata<\/b> grattugiata a piacere.<\/p>\n<p>&nbsp;<\/p>\n<h2><span style=\"color: #993366;\"><strong>n.2 &#8211; Besciamella senza latte e\u00a0burro<br \/>\n(ricetta vegana e per intolleranti al lattosio)<\/strong><\/span><\/h2>\n<p><a href=\"https:\/\/dietistaottonello.it\/dietistaottonello\/wp-content\/uploads\/2015\/03\/1323684236683.jpg\"><img loading=\"lazy\" decoding=\"async\" class=\"alignleft wp-image-630 size-thumbnail\" src=\"https:\/\/dietistaottonello.it\/dietistaottonello\/wp-content\/uploads\/2015\/03\/1323684236683-150x150.jpg\" alt=\"1323684236683\" width=\"150\" height=\"150\" \/><\/a> <a href=\"https:\/\/dietistaottonello.it\/dietistaottonello\/wp-content\/uploads\/2015\/03\/lattosio.jpg\"><img loading=\"lazy\" decoding=\"async\" class=\" alignright wp-image-631 size-thumbnail\" src=\"https:\/\/dietistaottonello.it\/dietistaottonello\/wp-content\/uploads\/2015\/03\/lattosio-150x150.jpg\" alt=\"lattosio\" width=\"150\" height=\"150\" srcset=\"https:\/\/dietistaottonello.it\/dietistaottonello\/wp-content\/uploads\/2015\/03\/lattosio-150x150.jpg 150w, https:\/\/dietistaottonello.it\/dietistaottonello\/wp-content\/uploads\/2015\/03\/lattosio.jpg 224w\" sizes=\"auto, (max-width: 150px) 100vw, 150px\" \/><\/a>Per ottenere una besciamella vegana e adatta agli intolleranti ai latticini bisogna sostituire burro e latte: al posto del burro si pu\u00f2 usare olio extra vergine d&#8217;oliva, al posto del latte vaccino si pu\u00f2 usare\u00a0<strong>latte di soia, di avena o di kamut o di<\/strong> <strong>riso\u00a0<\/strong>oppure un buon <strong>brodo vegetale<\/strong>.<\/p>\n<p>Se scegliete il latte\u00a0vegetale dovete usare il latte non zuccherato, quindi leggete molto bene le indicazioni riportate sulle confezioni.<br \/>\nIl latte di riso ha un gusto di per s\u00e9 molto dolce anche se non zuccherato, pertanto meditate bene in che tipo di ricetta utilizzare\u00a0una besciamella cosi preparata.<br \/>\nIl latte di soia, invece,\u00a0tende ad addensare di pi\u00f9\u00a0del latte di mucca: per una besciamella pi\u00f9 liquida aggiungete un po&#8217; di latte a fine cottura.<br \/>\nSe invece decidete di usare il brodo vegetale potete anche preparare il\u00a0brodo di verdure partendo da materie prime fresche e non dai dadi.<\/p>\n<p><span style=\"color: #ff0000;\"><strong>Preparazione per 1 persona:<\/strong><\/span><\/p>\n<p>Per ogni <strong>250 ml di latte vegetale<\/strong> non zuccherato (o brodo vegetale) usare <strong>n. 2 cucchiai da minestra di olio extravergine d&#8217;oliva<\/strong>, <strong>25 grammi di farina<\/strong>, un pizzico di\u00a0<strong>sale, pepe e noce moscata<\/strong> grattugiata a piacere.<\/p>\n<p>Far intiepidire il brodo o il latte in un pentolino a parte senza portarli a bollore.<\/p>\n<p>In un altro pentolino antiaderente far scaldare l&#8217;olio per pochi minuti, togliere dal fuoco e far cadere la farina nella pentola usando un colino e mescolando fino a ottenere un composto omogeneo.<br \/>\nA questo punto aggiungere un goccio di latte o di brodo e mescolate finch\u00e9 il composto non risulter\u00e0 pi\u00f9 morbido. Continuare ad aggiungere il latte, o il brodo, poco alla volta fino ad ottenere una pastella piuttosto liquida.<\/p>\n<p>Rimettere la pentola sul fuoco e continuare a mescolare finch\u00e9 la besciamella non avr\u00e0 raggiunto la densit\u00e0 di una crema. Aggiungere il sale, il pepe e la noce moscata grattugiata a piacere.<\/p>\n<p>&nbsp;<\/p>\n<h2><strong><span style=\"color: #993366;\">E infine:<\/span><\/strong><\/h2>\n<p><a href=\"https:\/\/dietistaottonello.it\/dietistaottonello\/wp-content\/uploads\/2015\/03\/spiga-barrata.jpg\"><img loading=\"lazy\" decoding=\"async\" class=\" alignleft wp-image-628\" src=\"https:\/\/dietistaottonello.it\/dietistaottonello\/wp-content\/uploads\/2015\/03\/spiga-barrata.jpg\" alt=\"spiga barrata\" width=\"91\" height=\"91\" srcset=\"https:\/\/dietistaottonello.it\/dietistaottonello\/wp-content\/uploads\/2015\/03\/spiga-barrata.jpg 225w, https:\/\/dietistaottonello.it\/dietistaottonello\/wp-content\/uploads\/2015\/03\/spiga-barrata-150x150.jpg 150w\" sizes=\"auto, (max-width: 91px) 100vw, 91px\" \/><\/a>Siete <strong>intolleranti al glutine<\/strong>?<br \/>\nNella ricetta potete sostituire alla farina di frumento la farina di riso o l&#8217;amido di mais. Le proporzioni sono esattamente le stesse della ricetta tradizionale o di quelle qui sopra riportate.<br \/>\n<img loading=\"lazy\" decoding=\"async\" class=\" alignright wp-image-627\" src=\"https:\/\/dietistaottonello.it\/dietistaottonello\/wp-content\/uploads\/2015\/03\/palmetta.jpg\" alt=\"palmetta\" width=\"112\" height=\"112\" srcset=\"https:\/\/dietistaottonello.it\/dietistaottonello\/wp-content\/uploads\/2015\/03\/palmetta.jpg 225w, https:\/\/dietistaottonello.it\/dietistaottonello\/wp-content\/uploads\/2015\/03\/palmetta-150x150.jpg 150w\" sizes=\"auto, (max-width: 112px) 100vw, 112px\" \/><br \/>\nVolete dare un<strong> gusto esotico<\/strong> alla vostra preparazione? Unite alla farina n.1 cucchiaino di zafferano o di curry.<\/p>\n<p>&nbsp;<\/p>\n","protected":false},"excerpt":{"rendered":"<p>Chi ha detto che se si inizia una dieta \u00e8 necessario cucinare tutto scondito, insapore, inodore, incolore? Mangiare, si sa, \u00e8 un piacere e questo piacere deve essere mantenuto anche se vogliamo rimetterci in forma. E allora come si pu\u00f2 &hellip; <a href=\"https:\/\/dietistaottonello.it\/dietistaottonello\/ricette\/salse-light\/\">Continua a leggere<span class=\"meta-nav\">&rarr;<\/span><\/a><\/p>\n","protected":false},"author":1,"featured_media":0,"parent":354,"menu_order":4,"comment_status":"closed","ping_status":"closed","template":"","meta":{"footnotes":""},"class_list":["post-600","page","type-page","status-publish","hentry"],"_links":{"self":[{"href":"https:\/\/dietistaottonello.it\/dietistaottonello\/wp-json\/wp\/v2\/pages\/600","targetHints":{"allow":["GET"]}}],"collection":[{"href":"https:\/\/dietistaottonello.it\/dietistaottonello\/wp-json\/wp\/v2\/pages"}],"about":[{"href":"https:\/\/dietistaottonello.it\/dietistaottonello\/wp-json\/wp\/v2\/types\/page"}],"author":[{"embeddable":true,"href":"https:\/\/dietistaottonello.it\/dietistaottonello\/wp-json\/wp\/v2\/users\/1"}],"replies":[{"embeddable":true,"href":"https:\/\/dietistaottonello.it\/dietistaottonello\/wp-json\/wp\/v2\/comments?post=600"}],"version-history":[{"count":16,"href":"https:\/\/dietistaottonello.it\/dietistaottonello\/wp-json\/wp\/v2\/pages\/600\/revisions"}],"predecessor-version":[{"id":1054,"href":"https:\/\/dietistaottonello.it\/dietistaottonello\/wp-json\/wp\/v2\/pages\/600\/revisions\/1054"}],"up":[{"embeddable":true,"href":"https:\/\/dietistaottonello.it\/dietistaottonello\/wp-json\/wp\/v2\/pages\/354"}],"wp:attachment":[{"href":"https:\/\/dietistaottonello.it\/dietistaottonello\/wp-json\/wp\/v2\/media?parent=600"}],"curies":[{"name":"wp","href":"https:\/\/api.w.org\/{rel}","templated":true}]}}