{"id":596,"date":"2015-03-12T16:39:34","date_gmt":"2015-03-12T15:39:34","guid":{"rendered":"http:\/\/dietistaottonello.it\/dietistaottonello\/?page_id=596"},"modified":"2018-06-19T15:42:54","modified_gmt":"2018-06-19T13:42:54","slug":"per-i-bambini","status":"publish","type":"page","link":"https:\/\/dietistaottonello.it\/dietistaottonello\/ricette\/per-i-bambini\/","title":{"rendered":"PER I BAMBINI"},"content":{"rendered":"<p>Come stimolare i pi\u00f9 giovani ad assaggiare nuovi alimenti, in particolare la frutta e la verdura, ma non solo?<\/p>\n<p>Se chiediamo a un bambino di mangiare qualcosa di sconosciuto, lui ci risponder\u00e0 a priori che &#8220;non gli piace&#8221;\u00a0anche se\u00a0non lo ha mai assaggiato. Cosi, sempre pi\u00f9 spesso,\u00a0mamme e nonne si rassegnano a preparare le solite pietanze pur di farlo mangiare. Solo in pochi casi si cerca di inventare combinazioni alimentari\u00a0permettendo al bambino di superare i pregiudizi che lo portano a rifiutare un certo cibo.<\/p>\n<p><a href=\"https:\/\/dietistaottonello.it\/dietistaottonello\/wp-content\/uploads\/2015\/03\/cc6cook.gif\"><img loading=\"lazy\" decoding=\"async\" class=\"aligncenter size-full wp-image-615\" src=\"https:\/\/dietistaottonello.it\/dietistaottonello\/wp-content\/uploads\/2015\/03\/cc6cook.gif\" alt=\"cc6cook\" width=\"159\" height=\"149\" \/><\/a><\/p>\n<p>Questa pagina nasce, non\u00a0con lo scopo di mettere a regime i pi\u00f9 piccoli, bens\u00ec fornire idee originali e non necessariamente dietetiche per incoraggiare l&#8217;assaggio e far si che la dieta giornaliera sia il pi\u00f9 varia possibile.<\/p>\n<h2 style=\"text-align: center;\"><strong><span style=\"color: #3366ff;\">Polpette di pesce<\/span><\/strong><\/h2>\n<p style=\"text-align: left;\">Ecco un&#8217;altra ricetta con un ingrediente in genere poco amato dai bambini (e spesso anche dagli adulti): il pesce.<br \/>\nIn questo caso ho usato il tonno in scatola al naturale per comodit\u00e0, ma \u00e8 possibile preparare queste polpette con qualsiasi altro tipo di pesce, ad esempio nasello, platessa o sogliola purch\u00e9 prima di procedere abbiamo l&#8217;attenzione di cuocere i filetti a vapore ed eliminare tutte le spine.<\/p>\n<p style=\"text-align: left;\">Considerato che nell&#8217;impasto delle polpette sono presenti le patate, per chi fosse a regime possiamo considerarle un piatto unico (porzione da 5-6 polpette) accompagnate da un contorno di verdure, ad esempio insalata mista e da una porzione di frutta fresca.<br \/>\nPer mio figlio, invece, le accompagno a un passato di verdura oppure a una porzione di fagiolini cotti al vapore e frutta fresca.<\/p>\n<p><strong><span style=\"color: #ff0000;\">Ingredienti per ca. 10-11 polpette:\u00a0<\/span><\/strong><\/p>\n<ul>\n<li>n. 2 scatolette di tonno al naturale sgocciolato (oppure 150 grammi di filetti di pesce a piacere);<\/li>\n<li>150 grammi di patate cotte al vapore, spellate e schiacciate nello schiacciapatate;<\/li>\n<li>n. 1 cucchiaio di pane grattugiato (10 grammi) per l&#8217;impasto + pane grattugiato per impanare q. b.;<\/li>\n<li>n. 1 uovo;\n<ul>\n<li>n. 1 cucchiaio di olio extravergine (10 grammi) per l&#8217;impasto + olio e.v.o prima di infornare n. 2 cucchiai;<\/li>\n<\/ul>\n<\/li>\n<li>prezzemolo a piacere.<\/li>\n<\/ul>\n<p><strong><span style=\"color: #ff0000;\">Preparazione:<\/span><\/strong><\/p>\n<p><span style=\"display: inline !important; float: none; background-color: transparent; color: #444444; font-family: Georgia,'Bitstream Charter',serif; font-size: 16px; font-style: normal; font-variant: normal; font-weight: 400; letter-spacing: normal; line-height: 24px; orphans: 2; text-align: left; text-decoration: none; text-indent: 0px; text-transform: none; -webkit-text-stroke-width: 0px; white-space: normal; word-spacing: 0px;\">Cuocere le patate a vapore, togliere la buccia e schiacciarle con lo <img loading=\"lazy\" decoding=\"async\" class=\"alignright size-thumbnail wp-image-995\" style=\"background-color: transparent; color: #444444; display: block; float: right; font-family: Georgia,&amp;quot; bitstream charter&amp;quot;,serif; font-size: 16px; font-style: normal; font-variant: normal; font-weight: 400; height: 150px; letter-spacing: normal; line-height: 24px; max-width: 616px; orphans: 2; outline-color: #72777c; outline-style: solid; outline-width: 1px; text-align: left; text-decoration: none; text-indent: 0px; text-transform: none; -webkit-text-stroke-width: 0px; white-space: normal; word-spacing: 0px; margin: 4px 0px 12px 24px;\" src=\"https:\/\/dietistaottonello.it\/dietistaottonello\/wp-content\/uploads\/2015\/03\/20180222_112648-150x150.jpg\" alt=\"20180222_112648\" width=\"150\" height=\"150\" \/>schiacciapatate o con una forchetta all&#8217;interno di una ciotola. Lasciar i<span style=\"display: inline !important; float: none; background-color: transparent; color: #444444; font-family: Georgia,'Bitstream Charter',serif; font-size: 16px; font-style: normal; font-variant: normal; font-weight: 400; letter-spacing: normal; line-height: 24px; orphans: 2; text-align: left; text-decoration: none; text-indent: 0px; text-transform: none; -webkit-text-stroke-width: 0px; white-space: normal; word-spacing: 0px;\">ntiepidire per qualche minuto, nel frattempo sgocciolare\u00a0il tonno dall&#8217;acqua di conservazione poi unirlo nella ciotola con le patate, aggiungete il prezzemolo tritato finemente e il pangrattato. Sbattere leggermente l&#8217;uovo e unirlo all&#8217;impasto.<br \/>\n<\/span><\/span><span style=\"display: inline !important; float: none; background-color: transparent; color: #444444; font-family: Georgia,'Bitstream Charter',serif; font-size: 16px; font-style: normal; font-variant: normal; font-weight: 400; letter-spacing: normal; line-height: 24px; orphans: 2; text-align: left; text-decoration: none; text-indent: 0px; text-transform: none; -webkit-text-stroke-width: 0px; white-space: normal; word-spacing: 0px;\">Con un cucchiaio di legno mescolate vigorosamente per amalgamare gli ingredienti.<\/span><b><\/b><i><\/i><u><\/u><\/p>\n<p>Riscaldare il forno a 200 \u00b0C e foderare una teglia con carta forno.<br \/>\nVersare un po&#8217; di pangrattato in un piatto, con l&#8217;impasto preparato formare delle polpettine con le mani e schiacciarle leggermente con le dita.<br \/>\nPassarle nel pangrattato facendo attenzione a farlo aderire bene su tutti i lati.<\/p>\n<p><img loading=\"lazy\" decoding=\"async\" class=\"alignleft size-thumbnail wp-image-997\" style=\"background-color: transparent; color: #444444; display: block; float: left; font-family: Georgia,&amp;quot; bitstream charter&amp;quot;,serif; font-size: 16px; font-style: normal; font-variant: normal; font-weight: 400; height: 150px; letter-spacing: normal; line-height: 24px; max-width: 640px; orphans: 2; text-align: left; text-decoration: none; text-indent: 0px; text-transform: none; -webkit-text-stroke-width: 0px; white-space: normal; word-spacing: 0px; margin: 4px 24px 12px 0px;\" src=\"https:\/\/dietistaottonello.it\/dietistaottonello\/wp-content\/uploads\/2015\/03\/20180222_181341-150x150.jpg\" alt=\"20180222_181341\" width=\"150\" height=\"150\" \/>Sistemarle nella teglia foderata con carta forno e distribuire un filo di olio su ogni polpetta.<br \/>\nInfornare per 10 minuti. Trascorso il tempo, girare le polpette sull&#8217;altro lato e continuare la cottura per altri 10-15 minuti o fino a quando saranno dorate.<\/p>\n<p>&nbsp;<\/p>\n<p>Servire calde.<\/p>\n<p><img loading=\"lazy\" decoding=\"async\" class=\"aligncenter size-medium wp-image-998\" src=\"https:\/\/dietistaottonello.it\/dietistaottonello\/wp-content\/uploads\/2015\/03\/20180222_194135-296x300.jpg\" alt=\"20180222_194135\" width=\"296\" height=\"300\" srcset=\"https:\/\/dietistaottonello.it\/dietistaottonello\/wp-content\/uploads\/2015\/03\/20180222_194135-296x300.jpg 296w, https:\/\/dietistaottonello.it\/dietistaottonello\/wp-content\/uploads\/2015\/03\/20180222_194135.jpg 336w\" sizes=\"auto, (max-width: 296px) 100vw, 296px\" \/><\/p>\n<div class=\"conclusions\">\n<hr \/>\n<\/div>\n<p style=\"text-align: center;\"><span style=\"display: inline !important; float: none; background-color: transparent; color: #339966; font-family: Georgia,'Bitstream Charter',serif; font-size: 21.6px; font-style: normal; font-variant: normal; font-weight: bold; letter-spacing: normal; line-height: 32.4px; orphans: 2; text-align: center; text-decoration: none; text-indent: 0px; text-transform: none; -webkit-text-stroke-width: 0px; white-space: normal; word-spacing: 0px;\">Finocchi pasticciati<\/span><\/p>\n<p>Questa ricetta \u00e8 molto golosa e riguarda una verdura non sempre amata per il suo gusto particolare: i finocchi. Golosa perch\u00e9 li camuffiamo in un morbido nido di besciamella e decoriamo con cubetti di prosciutto cotto e parmigiano. I vostri bambini li ADORERANNO e non solo loro&#8230;<\/p>\n<p><strong><span style=\"color: #ff0000;\">Ingredienti per 1 persona:<\/span><\/strong><\/p>\n<ul>\n<li>n. 1 finocchio;<\/li>\n<li>50 grammi di prosciutto cotto a cubetti;<\/li>\n<li>50 grammi di parmigiano grattugiato.<\/li>\n<\/ul>\n<p><span style=\"text-decoration: underline;\">Per la besciamella tradizionale<\/span>:<\/p>\n<ul>\n<li>25 grammi di burro (meglio se chiarificato);<\/li>\n<li>25 grammi di farina;<\/li>\n<li>250 ml di latte parzialmente scremato;<\/li>\n<li>sale, pepe e noce moscata a piacere.<\/li>\n<\/ul>\n<p><strong><span style=\"color: #ff0000;\">Preparazione:<\/span><\/strong><\/p>\n<p><a href=\"https:\/\/dietistaottonello.it\/dietistaottonello\/wp-content\/uploads\/2015\/03\/finocchio.jpg\"><img loading=\"lazy\" decoding=\"async\" class=\" wp-image-611 alignleft\" src=\"https:\/\/dietistaottonello.it\/dietistaottonello\/wp-content\/uploads\/2015\/03\/finocchio.jpg\" alt=\"finocchio\" width=\"125\" height=\"161\" \/><\/a>Iniziare togliendo le foglie pi\u00f9 esterne dal finocchio, che di solito sono anche le pi\u00f9 dure. Lavarlo bene sotto l&#8217;acqua corrente eliminando le tracce di terriccio. Aprire bene tutte le foglie rimanenti e cuocerle a vapore per 10-15 minuti dall&#8217;inizio del bollore.<br \/>\nIl tempo di cottura dipende dalla grandezza del finocchio, deve rimanere piuttosto &#8220;al dente&#8221; cosi dopo la cottura in forno non diventer\u00e0 troppo molle.<\/p>\n<p>Nel frattempo iniziare a preparare la besciamella:<br \/>\nIn un pentolino anti-aderente far sciogliere il burro a fuoco minimo.<br \/>\nIn questo caso il burro chiarificato \u00e8 ottimo perch\u00e9, non contenendo acqua, non brucia e non\u00a0produce sostanze dannose.<br \/>\nQuando sar\u00e0 sciolto, togliere il pentolino dal fuoco, setacciarvi all&#8217;interno la farina con un colino e mescolare bene con una frusta. Poi aggiungere il latte, a temperatura ambiente, a filo continuando a mescolare per non creare grumi.\u00a0Mettere nuovamente\u00a0il pentolino sul fuoco a fiamma medio-bassa\u00a0e portare a ebollizione sempre mescolando.<br \/>\nUna volta raggiunto il bollore, abbassare la fiamma al minimo, aggiungere un pizzico di sale, pepe e noce moscata a piacere, mescolare bene fino a che la salsa si sar\u00e0 addensata.<\/p>\n<p>A questo punto il finocchio sar\u00e0 cotto, quindi prendere una teglia, stendere sul fondo un paio di cucchiai di besciamella e disporvi sopra\u00a0la verdura\u00a0avendo cura di ricoprire tutto il fondo.<br \/>\nDistribuire i cubetti di prosciutto cotto e, infine, versare la restante besciamella stendendola poi, con l&#8217;aiuto di una spatola o del dorso di un cucchiaio, fino a ricoprire il tutto.<\/p>\n<p>Per ultimo, distribuire il parmigiano grattugiato a pioggia su tutta la superficie della preparazione. Infornare per 15-20 minuti a 250\u00b0C fino a che non si sar\u00e0 creata una golosa crosticina dorata.<\/p>\n<p>Il vostro finocchio gratinato \u00e8 pronto per essere gustato.<br \/>\n<strong>BUON APPETITO.<\/strong><\/p>\n<p><a href=\"https:\/\/dietistaottonello.it\/dietistaottonello\/wp-content\/uploads\/2015\/03\/besciamella.jpg\"><br \/>\n<img loading=\"lazy\" decoding=\"async\" class=\" wp-image-609 aligncenter\" src=\"https:\/\/dietistaottonello.it\/dietistaottonello\/wp-content\/uploads\/2015\/03\/besciamella.jpg\" alt=\"besciamella\" width=\"127\" height=\"125\" \/><\/a><\/p>\n<p>Come gi\u00e0 detto all&#8217;inizio, le ricette in questa pagina non pretendono di essere light, in quanto rappresentano delle idee per far assaggiare, a coloro che non li amano o non li hanno mai provati, cibi nuovi\u00a0visti da una prospettiva diversa.<\/p>\n<p>Tuttavia per chi volesse provare ugualmente questa preparazione, ma con un&#8217;attenzione in pi\u00f9 alla linea\u00a0a questo link\u00a0potete trovare degli spunti golosi e con meno calorie.<br \/>\nSiete <strong>vegani<\/strong>? C&#8217;\u00e8 la soluzione anche per voi!!!<br \/>\n<a title=\"SALSE LIGHT\" href=\"https:\/\/dietistaottonello.it\/dietistaottonello\/ricette\/salse-light\/\">https:\/\/dietistaottonello.it\/dietistaottonello\/ricette\/salse-light\/<\/a><\/p>\n<p>Dovete sapere, infatti, che la besciamella pu\u00f2 essere fatta anche in altri modi che non prevedano il latte e\/o il burro.<\/p>\n<p><a href=\"https:\/\/dietistaottonello.it\/dietistaottonello\/wp-content\/uploads\/2015\/03\/pentola.jpg\">\u00a0<\/a><\/p>\n<p>&nbsp;<\/p>\n<p>&nbsp;<\/p>\n","protected":false},"excerpt":{"rendered":"<p>Come stimolare i pi\u00f9 giovani ad assaggiare nuovi alimenti, in particolare la frutta e la verdura, ma non solo? Se chiediamo a un bambino di mangiare qualcosa di sconosciuto, lui ci risponder\u00e0 a priori che &#8220;non gli piace&#8221;\u00a0anche se\u00a0non lo &hellip; <a href=\"https:\/\/dietistaottonello.it\/dietistaottonello\/ricette\/per-i-bambini\/\">Continua a leggere<span class=\"meta-nav\">&rarr;<\/span><\/a><\/p>\n","protected":false},"author":1,"featured_media":0,"parent":354,"menu_order":3,"comment_status":"closed","ping_status":"closed","template":"","meta":{"footnotes":""},"class_list":["post-596","page","type-page","status-publish","hentry"],"_links":{"self":[{"href":"https:\/\/dietistaottonello.it\/dietistaottonello\/wp-json\/wp\/v2\/pages\/596","targetHints":{"allow":["GET"]}}],"collection":[{"href":"https:\/\/dietistaottonello.it\/dietistaottonello\/wp-json\/wp\/v2\/pages"}],"about":[{"href":"https:\/\/dietistaottonello.it\/dietistaottonello\/wp-json\/wp\/v2\/types\/page"}],"author":[{"embeddable":true,"href":"https:\/\/dietistaottonello.it\/dietistaottonello\/wp-json\/wp\/v2\/users\/1"}],"replies":[{"embeddable":true,"href":"https:\/\/dietistaottonello.it\/dietistaottonello\/wp-json\/wp\/v2\/comments?post=596"}],"version-history":[{"count":21,"href":"https:\/\/dietistaottonello.it\/dietistaottonello\/wp-json\/wp\/v2\/pages\/596\/revisions"}],"predecessor-version":[{"id":1005,"href":"https:\/\/dietistaottonello.it\/dietistaottonello\/wp-json\/wp\/v2\/pages\/596\/revisions\/1005"}],"up":[{"embeddable":true,"href":"https:\/\/dietistaottonello.it\/dietistaottonello\/wp-json\/wp\/v2\/pages\/354"}],"wp:attachment":[{"href":"https:\/\/dietistaottonello.it\/dietistaottonello\/wp-json\/wp\/v2\/media?parent=596"}],"curies":[{"name":"wp","href":"https:\/\/api.w.org\/{rel}","templated":true}]}}